{"id":286,"date":"2017-11-04T20:23:46","date_gmt":"2017-11-05T02:23:46","guid":{"rendered":"https:\/\/cunzac.usac.edu.gt\/?page_id=286"},"modified":"2020-07-03T07:12:26","modified_gmt":"2020-07-03T13:12:26","slug":"extension","status":"publish","type":"page","link":"https:\/\/cunzac.usac.edu.gt\/index.php\/extension\/","title":{"rendered":"EXTENSI\u00d3N"},"content":{"rendered":"[et_pb_section fb_built=\u00bb1&#8243; disabled_on=\u00bbon|on|on\u00bb admin_label=\u00bbsection\u00bb _builder_version=\u00bb4.4.7&#8243; disabled=\u00bbon\u00bb][et_pb_row admin_label=\u00bbrow\u00bb _builder_version=\u00bb3.25&#8243; background_size=\u00bbinitial\u00bb background_position=\u00bbtop_left\u00bb background_repeat=\u00bbrepeat\u00bb][et_pb_column type=\u00bb4_4&#8243; _builder_version=\u00bb3.25&#8243; custom_padding=\u00bb|||\u00bb custom_padding__hover=\u00bb|||\u00bb][et_pb_text admin_label=\u00bbText\u00bb _builder_version=\u00bb4.4.7&#8243; background_size=\u00bbinitial\u00bb background_position=\u00bbtop_left\u00bb background_repeat=\u00bbrepeat\u00bb][vc_row][vc_column][vc_tta_tour color=\u00bbblue\u00bb active_section=\u00bb1&#8243;][vc_tta_section title=\u00bbSINTESIS\u00bb tab_id=\u00bb1556247410163-58b6ae46-1ea7&#8243;][vc_column_text]\n<h3 class=\"western\" lang=\"es-GT\" align=\"justify\"><span style=\"color: #993300;\">El Sub Programa de Extensi\u00f3n del Centro Universitario de Zacapa, fue implementado en el segundo semestre del a\u00f1o 2014, siendo este uno de los tres ejes en que se fundamenta la Universidad de San Carlos de Guatemala. Su visi\u00f3n es difundir y promover la ciencia y la cultura en la sociedad, fortalecer la integraci\u00f3n acad\u00e9mico social con la comunidad, por medio de la participaci\u00f3n de equipos multidisciplinarios, innovadores, productivos, din\u00e1micos y flexibles, que se capacitan en forma continua y desarrollan capacidad de autogesti\u00f3n para alcanzar la excelencia en el servicio.<\/span><\/h3>\n<h3 class=\"western\" lang=\"es-GT\" align=\"justify\"><span style=\"color: #993300;\">Las acciones que desarrolla esta Direcci\u00f3n, se fundamentan en los principios legales y \u00e9ticos de justicia, verdad y solidaridad, que propician una cultura democr\u00e1tica y participativa dentro de un ambiente de tolerancia.<\/span><\/h3>\n[\/vc_column_text][\/vc_tta_section][vc_tta_section title=\u00bbACTIVIDADES REALIZADAS\u00bb tab_id=\u00bb1556247410199-14c96c37-dfb2&#8243;][\/vc_tta_section][\/vc_tta_tour][\/vc_column][\/vc_row][\/et_pb_text][\/et_pb_column][\/et_pb_row][\/et_pb_section][et_pb_section fb_built=\u00bb1&#8243; specialty=\u00bbon\u00bb _builder_version=\u00bb4.4.7&#8243;][et_pb_column type=\u00bb3_4&#8243; specialty_columns=\u00bb3&#8243; _builder_version=\u00bb3.25&#8243; custom_padding=\u00bb|||\u00bb custom_padding__hover=\u00bb|||\u00bb][et_pb_row_inner _builder_version=\u00bb4.4.7&#8243; use_background_color_gradient=\u00bbon\u00bb background_color_gradient_start=\u00bb#5ba5d0&#8243; background_color_gradient_end=\u00bb#0c71c3&#8243; background_color_gradient_direction=\u00bb46deg\u00bb background_color_gradient_start_position=\u00bb62%\u00bb background_image=\u00bbhttps:\/\/cunzac.usac.edu.gt\/wp-content\/uploads\/2020\/06\/coding-background-texture.jpg\u00bb background_blend=\u00bboverlay\u00bb][et_pb_column_inner saved_specialty_column_type=\u00bb3_4&#8243; _builder_version=\u00bb4.4.7&#8243;][et_pb_text _builder_version=\u00bb4.4.7&#8243; header_font=\u00bbNova Round|700|||||||\u00bb header_font_size=\u00bb51px\u00bb background_layout=\u00bbdark\u00bb custom_padding=\u00bb|||\u00bb header_font_size_last_edited=\u00bboff|desktop\u00bb locked=\u00bboff\u00bb]\n<h1 style=\"text-align: center;\">Extensi\u00f3n<\/h1>\n[\/et_pb_text][\/et_pb_column_inner][\/et_pb_row_inner][et_pb_row_inner column_structure=\u00bb1_2,1_2&#8243; _builder_version=\u00bb4.4.7&#8243; custom_margin=\u00bb||||false|false\u00bb custom_padding=\u00bb||||false|false\u00bb animation_style=\u00bbflip\u00bb hover_enabled=\u00bb0&#8243; animation_duration=\u00bb850ms\u00bb][et_pb_column_inner type=\u00bb1_2&#8243; saved_specialty_column_type=\u00bb3_4&#8243; _builder_version=\u00bb4.4.7&#8243;][et_pb_button button_url=\u00bb#sintesis\u00bb button_text=\u00bbS\u00edntesis\u00bb button_alignment=\u00bbcenter\u00bb _builder_version=\u00bb4.4.7&#8243; custom_button=\u00bbon\u00bb button_bg_color=\u00bb#0c98cc\u00bb button_border_color=\u00bb#0c98cc\u00bb hover_enabled=\u00bb0&#8243; button_bg_color_tablet=\u00bb\u00bb button_bg_color_phone=\u00bb\u00bb button_bg_color_last_edited=\u00bbon|desktop\u00bb box_shadow_style=\u00bbpreset1&#8243; button_text_size__hover_enabled=\u00bbon|hover\u00bb button_bg_color__hover_enabled=\u00bbon|hover\u00bb button_bg_color__hover=\u00bb#0c98cc\u00bb button_bg_enable_color__hover=\u00bbon\u00bb][\/et_pb_button][\/et_pb_column_inner][et_pb_column_inner type=\u00bb1_2&#8243; saved_specialty_column_type=\u00bb3_4&#8243; _builder_version=\u00bb4.4.7&#8243;][\/et_pb_column_inner][\/et_pb_row_inner][et_pb_row_inner _builder_version=\u00bb4.4.7&#8243; hover_enabled=\u00bb0&#8243; module_id=\u00bbsintesis\u00bb][et_pb_column_inner saved_specialty_column_type=\u00bb3_4&#8243; _builder_version=\u00bb4.4.7&#8243;][et_pb_text _builder_version=\u00bb4.4.7&#8243; hover_enabled=\u00bb0&#8243;]\n<h1 class=\"western\" lang=\"es-GT\" align=\"justify\"><span>S\u00edntesis<\/span><\/h1>\n<p class=\"western\" lang=\"es-GT\" align=\"justify\"><span>El Sub Programa de Extensi\u00f3n del Centro Universitario de Zacapa, fue implementado en el segundo semestre del a\u00f1o 2014, siendo este uno de los tres ejes en que se fundamenta la Universidad de San Carlos de Guatemala. Su visi\u00f3n es difundir y promover la ciencia y la cultura en la sociedad, fortalecer la integraci\u00f3n acad\u00e9mico social con la comunidad, por medio de la participaci\u00f3n de equipos multidisciplinarios, innovadores, productivos, din\u00e1micos y flexibles, que se capacitan en forma continua y desarrollan capacidad de autogesti\u00f3n para alcanzar la excelencia en el servicio.<\/span><\/p>\n<p class=\"western\" lang=\"es-GT\" align=\"justify\"><span>Las acciones que desarrolla esta Direcci\u00f3n, se fundamentan en los principios legales y \u00e9ticos de justicia, verdad y solidaridad, que propician una cultura democr\u00e1tica y participativa dentro de un ambiente de tolerancia.<\/span><\/p>\n[\/et_pb_text][\/et_pb_column_inner][\/et_pb_row_inner][\/et_pb_column][et_pb_column type=\u00bb1_4&#8243; _builder_version=\u00bb3.25&#8243; custom_padding=\u00bb|||\u00bb custom_padding__hover=\u00bb|||\u00bb][et_pb_sidebar orientation=\u00bbright\u00bb _builder_version=\u00bb4.4.7&#8243; header_font_size=\u00bb26px\u00bb body_font_size=\u00bb19px\u00bb][\/et_pb_sidebar][\/et_pb_column][\/et_pb_section]\n","protected":false},"excerpt":{"rendered":"<p>[vc_row][vc_column][vc_tta_tour color=\u00bbblue\u00bb active_section=\u00bb1&#8243;][vc_tta_section title=\u00bbSINTESIS\u00bb tab_id=\u00bb1556247410163-58b6ae46-1ea7&#8243;][vc_column_text] El Sub Programa de Extensi\u00f3n del Centro Universitario de Zacapa, fue implementado en el segundo semestre del a\u00f1o 2014, siendo este uno de los tres ejes en que se fundamenta la Universidad de San Carlos de Guatemala. Su visi\u00f3n es difundir y promover la ciencia y la cultura en la [&hellip;]<\/p>\n","protected":false},"author":1,"featured_media":0,"parent":0,"menu_order":0,"comment_status":"closed","ping_status":"closed","template":"","meta":{"_et_pb_use_builder":"on","_et_pb_old_content":"[vc_row][vc_column][vc_tta_tour color=\"blue\" active_section=\"1\"][vc_tta_section title=\"SINTESIS\" tab_id=\"1556247410163-58b6ae46-1ea7\"][vc_column_text]\r\n<h3 class=\"western\" lang=\"es-GT\" align=\"justify\"><span style=\"color: #993300;\">El Sub Programa de Extensi\u00f3n del Centro Universitario de Zacapa, fue implementado en el segundo semestre del a\u00f1o 2014, siendo este uno de los tres ejes en que se fundamenta la Universidad de San Carlos de Guatemala. Su visi\u00f3n es difundir y promover la ciencia y la cultura en la sociedad, fortalecer la integraci\u00f3n acad\u00e9mico social con la comunidad, por medio de la participaci\u00f3n de equipos multidisciplinarios, innovadores, productivos, din\u00e1micos y flexibles, que se capacitan en forma continua y desarrollan capacidad de autogesti\u00f3n para alcanzar la excelencia en el servicio.<\/span><\/h3>\r\n<h3 class=\"western\" lang=\"es-GT\" align=\"justify\"><span style=\"color: #993300;\">Las acciones que desarrolla esta Direcci\u00f3n, se fundamentan en los principios legales y \u00e9ticos de justicia, verdad y solidaridad, que propician una cultura democr\u00e1tica y participativa dentro de un ambiente de tolerancia.<\/span><\/h3>\r\n[\/vc_column_text][\/vc_tta_section][vc_tta_section title=\"ACTIVIDADES REALIZADAS\" tab_id=\"1556247410199-14c96c37-dfb2\"][\/vc_tta_section][\/vc_tta_tour][\/vc_column][\/vc_row]","_et_gb_content_width":"","footnotes":""},"class_list":["post-286","page","type-page","status-publish","hentry"],"_links":{"self":[{"href":"https:\/\/cunzac.usac.edu.gt\/index.php\/wp-json\/wp\/v2\/pages\/286","targetHints":{"allow":["GET"]}}],"collection":[{"href":"https:\/\/cunzac.usac.edu.gt\/index.php\/wp-json\/wp\/v2\/pages"}],"about":[{"href":"https:\/\/cunzac.usac.edu.gt\/index.php\/wp-json\/wp\/v2\/types\/page"}],"author":[{"embeddable":true,"href":"https:\/\/cunzac.usac.edu.gt\/index.php\/wp-json\/wp\/v2\/users\/1"}],"replies":[{"embeddable":true,"href":"https:\/\/cunzac.usac.edu.gt\/index.php\/wp-json\/wp\/v2\/comments?post=286"}],"version-history":[{"count":13,"href":"https:\/\/cunzac.usac.edu.gt\/index.php\/wp-json\/wp\/v2\/pages\/286\/revisions"}],"predecessor-version":[{"id":1686,"href":"https:\/\/cunzac.usac.edu.gt\/index.php\/wp-json\/wp\/v2\/pages\/286\/revisions\/1686"}],"wp:attachment":[{"href":"https:\/\/cunzac.usac.edu.gt\/index.php\/wp-json\/wp\/v2\/media?parent=286"}],"curies":[{"name":"wp","href":"https:\/\/api.w.org\/{rel}","templated":true}]}}