{"id":265,"date":"2017-11-04T20:07:23","date_gmt":"2017-11-05T02:07:23","guid":{"rendered":"https:\/\/cunzac.usac.edu.gt\/?page_id=265"},"modified":"2024-04-24T19:29:38","modified_gmt":"2024-04-25T01:29:38","slug":"mensaje-del-director","status":"publish","type":"page","link":"https:\/\/cunzac.usac.edu.gt\/index.php\/mensaje-del-director\/","title":{"rendered":"MENSAJE DEL DIRECTOR"},"content":{"rendered":"[et_pb_section fb_built=\u00bb1&#8243; specialty=\u00bbon\u00bb _builder_version=\u00bb4.16&#8243; global_colors_info=\u00bb{}\u00bb][et_pb_column type=\u00bb3_4&#8243; specialty_columns=\u00bb3&#8243; _builder_version=\u00bb4.16&#8243; custom_padding=\u00bb|||\u00bb global_colors_info=\u00bb{}\u00bb custom_padding__hover=\u00bb|||\u00bb][et_pb_row_inner _builder_version=\u00bb4.16&#8243; use_background_color_gradient=\u00bbon\u00bb background_color_gradient_direction=\u00bb46deg\u00bb background_color_gradient_stops=\u00bb#0c71c3 0%|#1a295e 86%\u00bb background_color_gradient_start=\u00bb#0c71c3&#8243; background_color_gradient_end=\u00bb#1a295e\u00bb background_color_gradient_end_position=\u00bb86%\u00bb background_image=\u00bbhttps:\/\/cunzac.usac.edu.gt\/wp-content\/uploads\/2020\/06\/coding-background-texture.jpg\u00bb background_blend=\u00bboverlay\u00bb global_colors_info=\u00bb{}\u00bb][et_pb_column_inner saved_specialty_column_type=\u00bb3_4&#8243; _builder_version=\u00bb4.16&#8243; global_colors_info=\u00bb{}\u00bb][et_pb_text _builder_version=\u00bb4.16&#8243; header_font=\u00bbNova Round|700|||||||\u00bb header_font_size=\u00bb51px\u00bb background_layout=\u00bbdark\u00bb custom_padding=\u00bb|||\u00bb header_font_size_last_edited=\u00bboff|desktop\u00bb locked=\u00bboff\u00bb global_colors_info=\u00bb{}\u00bb]\n<h1 style=\"text-align: center;\">Mensaje del Director<\/h1>\n[\/et_pb_text][\/et_pb_column_inner][\/et_pb_row_inner][et_pb_row_inner _builder_version=\u00bb4.16&#8243; global_colors_info=\u00bb{}\u00bb][et_pb_column_inner saved_specialty_column_type=\u00bb3_4&#8243; _builder_version=\u00bb4.16&#8243; global_colors_info=\u00bb{}\u00bb][et_pb_text _builder_version=\u00bb4.16&#8243; global_colors_info=\u00bb{}\u00bb]\n<p style=\"text-align: justify;\"><span>La Tricentenaria Universidad de San Carlos de Guatemala (USAC), es la universidad m\u00e1s antigua de Centroam\u00e9rica, siendo adem\u00e1s la \u00fanica universidad estatal y aut\u00f3noma del pa\u00eds.<\/span><\/p>\n<p style=\"text-align: justify;\"><span>En nombre del Rector, y el Consejo Directivo representado por el Director Ph.D. Carlos Augusto Vargas G\u00e1lvez, personal docente, administrativo y poblaci\u00f3n estudiantil queremos brindar un cordial y caluroso saludo a la comunidad zacapaneca y compartirles que el prop\u00f3sito del Centro Universitario de Zacapa es formar profesionales que coadyuven al desarrollo de nuestra sociedad.<\/span><\/p>\n<p style=\"text-align: justify;\"><span>Queremos que nuestros estudiantes no solo desarrollen las competencias propias de sus carreras, sino que adem\u00e1s se caractericen por su autonom\u00eda intelectual, compromiso, responsabilidad social y ciudadana, y su genuino inter\u00e9s por campos del conocimiento, aspirando a la universalidad cultural, pero tambi\u00e9n que su aprendizaje se sustente en procesos de generaci\u00f3n, apropiaci\u00f3n, transformaci\u00f3n, difusi\u00f3n, transferencia y aplicaci\u00f3n responsable del conocimiento.<\/span><\/p>\n<p><a href=\"https:\/\/cunzac.usac.edu.gt\/wp-content\/uploads\/2019\/04\/foto.jpg\"><img loading=\"lazy\" decoding=\"async\" class=\"aligncenter size-full wp-image-518\" src=\"https:\/\/cunzac.usac.edu.gt\/wp-content\/uploads\/2019\/04\/foto.jpg\" alt=\"\" width=\"191\" height=\"219\" \/><\/a><\/p>\n<p style=\"text-align: center;\"><strong>Ph.D. Carlos Augusto Vargas G\u00e1lvez<\/strong><br \/><strong> Director del CUNZAC<\/strong><\/p>\n[\/et_pb_text][\/et_pb_column_inner][\/et_pb_row_inner][\/et_pb_column][et_pb_column type=\u00bb1_4&#8243; _builder_version=\u00bb4.16&#8243; custom_padding=\u00bb|||\u00bb global_colors_info=\u00bb{}\u00bb custom_padding__hover=\u00bb|||\u00bb][et_pb_sidebar orientation=\u00bbright\u00bb _builder_version=\u00bb4.16&#8243; header_font_size=\u00bb26px\u00bb body_font_size=\u00bb19px\u00bb global_colors_info=\u00bb{}\u00bb][\/et_pb_sidebar][\/et_pb_column][\/et_pb_section]\n","protected":false},"excerpt":{"rendered":"<p>Mensaje del DirectorLa Tricentenaria Universidad de San Carlos de Guatemala (USAC), es la universidad m\u00e1s antigua de Centroam\u00e9rica, siendo adem\u00e1s la \u00fanica universidad estatal y aut\u00f3noma del pa\u00eds. En nombre del Rector, y el Consejo Directivo representado por el Director Ph.D. Carlos Augusto Vargas G\u00e1lvez, personal docente, administrativo y poblaci\u00f3n estudiantil queremos brindar un cordial [&hellip;]<\/p>\n","protected":false},"author":1,"featured_media":0,"parent":0,"menu_order":0,"comment_status":"closed","ping_status":"closed","template":"","meta":{"_et_pb_use_builder":"on","_et_pb_old_content":"<h3><span style=\"color: #993300;\">La Tricentenaria Universidad de San Carlos de Guatemala (USAC), es la universidad m\u00e1s antigua de Centroam\u00e9rica, siendo adem\u00e1s la \u00fanica universidad estatal y aut\u00f3noma del pa\u00eds.<\/span><\/h3>\r\n<h3><span style=\"color: #993300;\">En nombre del Rector Magn\u00edfico M.Sc. Murphy Olympo Paiz Recinos, y el Consejo Directivo representado por el Director M.Sc. Carlos Augusto Vargas G\u00e1lvez, personal docente, administrativo y poblaci\u00f3n estudiantil queremos brindar un cordial y caluroso saludo a la comunidad zacapaneca y compartirles que el prop\u00f3sito del Centro Universitario de Zacapa es formar profesionales que coadyuven al desarrollo de nuestra sociedad.<\/span><\/h3>\r\n<h3><span style=\"color: #993300;\">Queremos que nuestros estudiantes no solo desarrollen las competencias propias de sus carreras, sino que adem\u00e1s se caractericen por su autonom\u00eda intelectual, compromiso, responsabilidad social y ciudadana, y su genuino inter\u00e9s por campos del conocimiento, aspirando a la universalidad cultural, pero tambi\u00e9n que su aprendizaje se sustente en procesos de generaci\u00f3n, apropiaci\u00f3n, transformaci\u00f3n, difusi\u00f3n, transferencia y aplicaci\u00f3n responsable del conocimiento.<\/span><\/h3>\r\n<a href=\"https:\/\/cunzac.usac.edu.gt\/wp-content\/uploads\/2019\/04\/foto.jpg\"><img class=\"aligncenter size-full wp-image-518\" src=\"https:\/\/cunzac.usac.edu.gt\/wp-content\/uploads\/2019\/04\/foto.jpg\" alt=\"\" width=\"191\" height=\"219\" \/><\/a>\r\n<h3 style=\"text-align: center;\"><span style=\"color: #993300;\">M.Sc. Carlos Augusto Vargas G\u00e1lvez<\/span>\r\n<span style=\"color: #993300;\"> Director del CUNZAC<\/span><\/h3>","_et_gb_content_width":"","footnotes":""},"class_list":["post-265","page","type-page","status-publish","hentry"],"_links":{"self":[{"href":"https:\/\/cunzac.usac.edu.gt\/index.php\/wp-json\/wp\/v2\/pages\/265","targetHints":{"allow":["GET"]}}],"collection":[{"href":"https:\/\/cunzac.usac.edu.gt\/index.php\/wp-json\/wp\/v2\/pages"}],"about":[{"href":"https:\/\/cunzac.usac.edu.gt\/index.php\/wp-json\/wp\/v2\/types\/page"}],"author":[{"embeddable":true,"href":"https:\/\/cunzac.usac.edu.gt\/index.php\/wp-json\/wp\/v2\/users\/1"}],"replies":[{"embeddable":true,"href":"https:\/\/cunzac.usac.edu.gt\/index.php\/wp-json\/wp\/v2\/comments?post=265"}],"version-history":[{"count":15,"href":"https:\/\/cunzac.usac.edu.gt\/index.php\/wp-json\/wp\/v2\/pages\/265\/revisions"}],"predecessor-version":[{"id":1984,"href":"https:\/\/cunzac.usac.edu.gt\/index.php\/wp-json\/wp\/v2\/pages\/265\/revisions\/1984"}],"wp:attachment":[{"href":"https:\/\/cunzac.usac.edu.gt\/index.php\/wp-json\/wp\/v2\/media?parent=265"}],"curies":[{"name":"wp","href":"https:\/\/api.w.org\/{rel}","templated":true}]}}