{"id":260,"date":"2017-11-04T20:02:46","date_gmt":"2017-11-05T02:02:46","guid":{"rendered":"https:\/\/cunzac.usac.edu.gt\/?page_id=260"},"modified":"2020-07-07T08:02:44","modified_gmt":"2020-07-07T14:02:44","slug":"marco-filosofico","status":"publish","type":"page","link":"https:\/\/cunzac.usac.edu.gt\/index.php\/marco-filosofico\/","title":{"rendered":"MARCO FILOS\u00d3FICO"},"content":{"rendered":"[et_pb_section fb_built=\u00bb1&#8243; specialty=\u00bbon\u00bb _builder_version=\u00bb4.4.7&#8243;][et_pb_column type=\u00bb3_4&#8243; specialty_columns=\u00bb3&#8243; _builder_version=\u00bb3.25&#8243; custom_padding=\u00bb|||\u00bb custom_padding__hover=\u00bb|||\u00bb][et_pb_row_inner _builder_version=\u00bb4.4.7&#8243; use_background_color_gradient=\u00bbon\u00bb background_color_gradient_start=\u00bb#0c71c3&#8243; background_color_gradient_end=\u00bb#1a295e\u00bb background_color_gradient_direction=\u00bb46deg\u00bb background_color_gradient_end_position=\u00bb86%\u00bb background_image=\u00bbhttps:\/\/cunzac.usac.edu.gt\/wp-content\/uploads\/2020\/06\/coding-background-texture.jpg\u00bb background_blend=\u00bboverlay\u00bb][et_pb_column_inner saved_specialty_column_type=\u00bb3_4&#8243; _builder_version=\u00bb4.4.7&#8243;][et_pb_text _builder_version=\u00bb4.4.7&#8243; header_font=\u00bbNova Round|700|||||||\u00bb header_font_size=\u00bb51px\u00bb background_layout=\u00bbdark\u00bb custom_padding=\u00bb|||\u00bb hover_enabled=\u00bb0&#8243; header_font_size_last_edited=\u00bboff|desktop\u00bb locked=\u00bboff\u00bb]\n<h1 style=\"text-align: center;\"><span style=\"font-family: shanti; font-size:60px;\">M<\/span>arco Filos\u00f3fico<\/h1>\n[\/et_pb_text][\/et_pb_column_inner][\/et_pb_row_inner][et_pb_row_inner _builder_version=\u00bb4.4.7&#8243;][et_pb_column_inner saved_specialty_column_type=\u00bb3_4&#8243; _builder_version=\u00bb4.4.7&#8243;][et_pb_text _builder_version=\u00bb4.4.7&#8243; hover_enabled=\u00bb0&#8243;]\n<h2><strong><span>Misi\u00f3n<\/span><\/strong><\/h2>\n<p style=\"text-align: justify;\"><span>Somos la unidad acad\u00e9mica de la regi\u00f3n Nor-oriental que brinda educaci\u00f3n superior de calidad, formando profesionales con valores y capacidades, para promover la b\u00fasqueda de soluciones a las diferentes problem\u00e1ticas sociales a trav\u00e9s de la investigaci\u00f3n,\u00a0 aplicaci\u00f3n de conocimiento y difusi\u00f3n de la cultura, fomentando el uso de nuevas tecnolog\u00edas, la investigaci\u00f3n, docencia y extensi\u00f3n.\u00a0 rigi\u00e9ndonos por normas y pol\u00edticas ambientales y de atenci\u00f3n a la poblaci\u00f3n con discapacidad alineadas a la Universidad de San Carlos de Guatemala.<\/span><\/p>\n<h2><strong><span>Visi\u00f3n<\/span><\/strong><\/h2>\n<p style=\"text-align: justify;\"><span>El centro universitario de Zacapa como unidad acad\u00e9mica de la Universidad de San Carlos de Guatemala, comprometida con el desarrollo de la educaci\u00f3n superior de calidad de la regi\u00f3n Nor-oriental del pa\u00eds, comprometidos con el desarrollo cient\u00edfico tecnol\u00f3gico en el \u00e1mbito social, humano y econ\u00f3mico.\u00a0 Velando por el cumplimiento de normas y pol\u00edticas ambientales con atenci\u00f3n a la poblaci\u00f3n con discapacidad, que permita la optimizaci\u00f3n del recurso para alcanzar est\u00e1ndares de calidad, formando profesionales con principios \u00e9ticos y de excelencia acad\u00e9mica, generando competencia a nivel mundial.<\/span><\/p>\n[\/et_pb_text][\/et_pb_column_inner][\/et_pb_row_inner][\/et_pb_column][et_pb_column type=\u00bb1_4&#8243; _builder_version=\u00bb3.25&#8243; custom_padding=\u00bb|||\u00bb custom_padding__hover=\u00bb|||\u00bb][et_pb_sidebar orientation=\u00bbright\u00bb _builder_version=\u00bb4.4.7&#8243; header_font_size=\u00bb26px\u00bb body_font_size=\u00bb19px\u00bb][\/et_pb_sidebar][\/et_pb_column][\/et_pb_section]\n","protected":false},"excerpt":{"rendered":"<p>Marco Filos\u00f3ficoMisi\u00f3n Somos la unidad acad\u00e9mica de la regi\u00f3n Nor-oriental que brinda educaci\u00f3n superior de calidad, formando profesionales con valores y capacidades, para promover la b\u00fasqueda de soluciones a las diferentes problem\u00e1ticas sociales a trav\u00e9s de la investigaci\u00f3n,\u00a0 aplicaci\u00f3n de conocimiento y difusi\u00f3n de la cultura, fomentando el uso de nuevas tecnolog\u00edas, la investigaci\u00f3n, docencia [&hellip;]<\/p>\n","protected":false},"author":1,"featured_media":0,"parent":0,"menu_order":0,"comment_status":"closed","ping_status":"closed","template":"","meta":{"_et_pb_use_builder":"on","_et_pb_old_content":"<h2><strong><span style=\"color: #993300;\">MISI\u00d3N<\/span><\/strong><\/h2>\r\n<h3 style=\"text-align: left;\"><span style=\"color: #993300;\">Somos la unidad acad\u00e9mica de la regi\u00f3n Nor-oriental que brinda educaci\u00f3n superior de calidad, formando profesionales con valores y capacidades, para promover la b\u00fasqueda de soluciones a las diferentes problem\u00e1ticas sociales a trav\u00e9s de la investigaci\u00f3n,\u00a0 aplicaci\u00f3n de conocimiento y difusi\u00f3n de la cultura, fomentando el uso de nuevas tecnolog\u00edas, la investigaci\u00f3n, docencia y extensi\u00f3n.\u00a0 rigi\u00e9ndonos por normas y pol\u00edticas ambientales y de atenci\u00f3n a la poblaci\u00f3n con discapacidad alineadas a la Universidad de San Carlos de Guatemala.<\/span><\/h3>\r\n<h2><strong><span style=\"color: #993300;\">VISI\u00d3N<\/span><\/strong><\/h2>\r\n<h3 style=\"text-align: left;\"><span style=\"color: #993300;\">El centro universitario de Zacapa como unidad acad\u00e9mica de la Universidad de San Carlos de Guatemala, comprometida con el desarrollo de la educaci\u00f3n superior de calidad de la regi\u00f3n Nor-oriental del pa\u00eds, comprometidos con el desarrollo cient\u00edfico tecnol\u00f3gico en el \u00e1mbito social, humano y econ\u00f3mico.\u00a0 Velando por el cumplimiento de normas y pol\u00edticas ambientales con atenci\u00f3n a la poblaci\u00f3n con discapacidad, que permita la optimizaci\u00f3n del recurso para alcanzar est\u00e1ndares de calidad, formando profesionales con principios \u00e9ticos y de excelencia acad\u00e9mica, generando competencia a nivel mundial.<\/span><\/h3>","_et_gb_content_width":"","footnotes":""},"class_list":["post-260","page","type-page","status-publish","hentry"],"_links":{"self":[{"href":"https:\/\/cunzac.usac.edu.gt\/index.php\/wp-json\/wp\/v2\/pages\/260","targetHints":{"allow":["GET"]}}],"collection":[{"href":"https:\/\/cunzac.usac.edu.gt\/index.php\/wp-json\/wp\/v2\/pages"}],"about":[{"href":"https:\/\/cunzac.usac.edu.gt\/index.php\/wp-json\/wp\/v2\/types\/page"}],"author":[{"embeddable":true,"href":"https:\/\/cunzac.usac.edu.gt\/index.php\/wp-json\/wp\/v2\/users\/1"}],"replies":[{"embeddable":true,"href":"https:\/\/cunzac.usac.edu.gt\/index.php\/wp-json\/wp\/v2\/comments?post=260"}],"version-history":[{"count":10,"href":"https:\/\/cunzac.usac.edu.gt\/index.php\/wp-json\/wp\/v2\/pages\/260\/revisions"}],"predecessor-version":[{"id":1728,"href":"https:\/\/cunzac.usac.edu.gt\/index.php\/wp-json\/wp\/v2\/pages\/260\/revisions\/1728"}],"wp:attachment":[{"href":"https:\/\/cunzac.usac.edu.gt\/index.php\/wp-json\/wp\/v2\/media?parent=260"}],"curies":[{"name":"wp","href":"https:\/\/api.w.org\/{rel}","templated":true}]}}