{"id":240,"date":"2017-11-04T19:36:21","date_gmt":"2017-11-05T01:36:21","guid":{"rendered":"https:\/\/cunzac.usac.edu.gt\/?page_id=240"},"modified":"2020-06-29T16:56:34","modified_gmt":"2020-06-29T22:56:34","slug":"historia","status":"publish","type":"page","link":"https:\/\/cunzac.usac.edu.gt\/index.php\/historia\/","title":{"rendered":"HISTORIA"},"content":{"rendered":"[et_pb_section fb_built=\u00bb1&#8243; specialty=\u00bbon\u00bb _builder_version=\u00bb4.4.7&#8243;][et_pb_column type=\u00bb3_4&#8243; specialty_columns=\u00bb3&#8243; _builder_version=\u00bb3.25&#8243; custom_padding=\u00bb|||\u00bb custom_padding__hover=\u00bb|||\u00bb][et_pb_row_inner _builder_version=\u00bb4.4.7&#8243; use_background_color_gradient=\u00bbon\u00bb background_color_gradient_start=\u00bb#0c71c3&#8243; background_color_gradient_end=\u00bb#1a295e\u00bb background_color_gradient_direction=\u00bb46deg\u00bb background_color_gradient_end_position=\u00bb86%\u00bb background_image=\u00bbhttps:\/\/cunzac.usac.edu.gt\/wp-content\/uploads\/2020\/06\/coding-background-texture.jpg\u00bb background_blend=\u00bboverlay\u00bb][et_pb_column_inner saved_specialty_column_type=\u00bb3_4&#8243; _builder_version=\u00bb4.4.7&#8243;][et_pb_text _builder_version=\u00bb4.4.7&#8243; header_font=\u00bbNova Round|700|||||||\u00bb header_font_size=\u00bb51px\u00bb background_layout=\u00bbdark\u00bb custom_padding=\u00bb|||\u00bb header_font_size_last_edited=\u00bboff|desktop\u00bb locked=\u00bboff\u00bb]\n<h1 style=\"text-align: center;\">Historia<\/h1>\n[\/et_pb_text][\/et_pb_column_inner][\/et_pb_row_inner][et_pb_row_inner _builder_version=\u00bb4.4.7&#8243;][et_pb_column_inner saved_specialty_column_type=\u00bb3_4&#8243; _builder_version=\u00bb4.4.7&#8243;][et_pb_text _builder_version=\u00bb4.4.7&#8243;]\n<p align=\"justify\"><span>El Centro Universitario de Zacapa, se crea, en sesi\u00f3n celebrada por el Honorable Consejo Superior Universitario, de fecha veinticinco de mayo de dos mil once, seg\u00fan Acta 10-2011, punto 7.14, el Consejo Superior Universitario conoce Oficio Ref.CGP 185.05.2011 emitido por el Coordinador General de Planificaci\u00f3n, donde traslada para an\u00e1lisis y aprobaci\u00f3n de este \u00d3rgano de Direcci\u00f3n el Resumen Ejecutivo del \u201cEstudio de Pre-factibilidad3 para la Creaci\u00f3n e implementaci\u00f3n del Centro Universitario del Departamento de Zacapa\u201d, as\u00ed como el Dictamen T\u00e9cnico CGP. 37.2.2011 de la Coordinadora General de Planificaci\u00f3n sobre dicho estudio y el Dictamen T\u00e9cnico No. 001\/001-A-2011 de la Direcci\u00f3n General Financiera. Al respecto el Consejo Superior Universitario luego del an\u00e1lisis de la solicitud, considerando el estudio de pre-factibilidad para la creaci\u00f3n del Centro Universitario de Zacapa, las necesidades de educaci\u00f3n superior en la regi\u00f3n y la importancia del desarrollo para beneficio de la poblaci\u00f3n, ACUERDA: 1) Aprobar la creaci\u00f3n del Centro Universitario de Zacapa.<\/span><\/p>\n<p align=\"justify\"><span>As\u00ed mismo, el Coordinador General de Planificaci\u00f3n a trav\u00e9s del Oficio CGP. 109.03.11, de fecha 23 de marzo de 2011, manifiesta, con relaci\u00f3n a la apertura del Centro Universitario de Zacapa, que es oportuno la creaci\u00f3n de un centro especializado, un centro focal docente para llevar a cabo aspectos acad\u00e9micos, tecnol\u00f3gicos y de avances actuales y futuras de esta carrera. Se incluye como carrera para implementar: Agroindustria par el tr\u00f3pico seco del trifinio.<\/span><\/p>\n[\/et_pb_text][\/et_pb_column_inner][\/et_pb_row_inner][\/et_pb_column][et_pb_column type=\u00bb1_4&#8243; _builder_version=\u00bb3.25&#8243; custom_padding=\u00bb|||\u00bb custom_padding__hover=\u00bb|||\u00bb][et_pb_sidebar orientation=\u00bbright\u00bb _builder_version=\u00bb4.4.7&#8243; header_font_size=\u00bb26px\u00bb body_font_size=\u00bb19px\u00bb][\/et_pb_sidebar][\/et_pb_column][\/et_pb_section]\n","protected":false},"excerpt":{"rendered":"<p>HistoriaEl Centro Universitario de Zacapa, se crea, en sesi\u00f3n celebrada por el Honorable Consejo Superior Universitario, de fecha veinticinco de mayo de dos mil once, seg\u00fan Acta 10-2011, punto 7.14, el Consejo Superior Universitario conoce Oficio Ref.CGP 185.05.2011 emitido por el Coordinador General de Planificaci\u00f3n, donde traslada para an\u00e1lisis y aprobaci\u00f3n de este \u00d3rgano de [&hellip;]<\/p>\n","protected":false},"author":1,"featured_media":0,"parent":0,"menu_order":0,"comment_status":"closed","ping_status":"closed","template":"","meta":{"_et_pb_use_builder":"on","_et_pb_old_content":"<h4 align=\"justify\"><span style=\"color: #993300;\">El Centro Universitario de Zacapa, se crea, en sesi\u00f3n celebrada por el Honorable Consejo Superior Universitario, de fecha veinticinco de mayo de dos mil once, seg\u00fan Acta 10-2011, punto 7.14, el Consejo Superior Universitario conoce Oficio Ref.CGP 185.05.2011 emitido por el Coordinador General de Planificaci\u00f3n, donde traslada para an\u00e1lisis y aprobaci\u00f3n de este \u00d3rgano de Direcci\u00f3n el Resumen Ejecutivo del \u201cEstudio de Pre-factibilidad3 para la Creaci\u00f3n e implementaci\u00f3n del Centro Universitario del Departamento de Zacapa\u201d, as\u00ed como el Dictamen T\u00e9cnico CGP. 37.2.2011 de la Coordinadora General de Planificaci\u00f3n sobre dicho estudio y el Dictamen T\u00e9cnico No. 001\/001-A-2011 de la Direcci\u00f3n General Financiera. Al respecto el Consejo Superior Universitario luego del an\u00e1lisis de la solicitud, considerando el estudio de pre-factibilidad para la creaci\u00f3n del Centro Universitario de Zacapa, las necesidades de educaci\u00f3n superior en la regi\u00f3n y la importancia del desarrollo para beneficio de la poblaci\u00f3n, ACUERDA: 1) Aprobar la creaci\u00f3n del Centro Universitario de Zacapa.<\/span><\/h4>\r\n<h4 align=\"justify\"><span style=\"color: #993300;\">As\u00ed mismo, el Coordinador General de Planificaci\u00f3n a trav\u00e9s del Oficio CGP. 109.03.11, de fecha 23 de marzo de 2011, manifiesta, con relaci\u00f3n a la apertura del Centro Universitario de Zacapa, que es oportuno la creaci\u00f3n de un centro especializado, un centro focal docente para llevar a cabo aspectos acad\u00e9micos, tecnol\u00f3gicos y de avances actuales y futuras de esta carrera. Se incluye como carrera para implementar: Agroindustria par el tr\u00f3pico seco del trifinio.<\/span><\/h4>","_et_gb_content_width":"","footnotes":""},"class_list":["post-240","page","type-page","status-publish","hentry"],"_links":{"self":[{"href":"https:\/\/cunzac.usac.edu.gt\/index.php\/wp-json\/wp\/v2\/pages\/240","targetHints":{"allow":["GET"]}}],"collection":[{"href":"https:\/\/cunzac.usac.edu.gt\/index.php\/wp-json\/wp\/v2\/pages"}],"about":[{"href":"https:\/\/cunzac.usac.edu.gt\/index.php\/wp-json\/wp\/v2\/types\/page"}],"author":[{"embeddable":true,"href":"https:\/\/cunzac.usac.edu.gt\/index.php\/wp-json\/wp\/v2\/users\/1"}],"replies":[{"embeddable":true,"href":"https:\/\/cunzac.usac.edu.gt\/index.php\/wp-json\/wp\/v2\/comments?post=240"}],"version-history":[{"count":6,"href":"https:\/\/cunzac.usac.edu.gt\/index.php\/wp-json\/wp\/v2\/pages\/240\/revisions"}],"predecessor-version":[{"id":1529,"href":"https:\/\/cunzac.usac.edu.gt\/index.php\/wp-json\/wp\/v2\/pages\/240\/revisions\/1529"}],"wp:attachment":[{"href":"https:\/\/cunzac.usac.edu.gt\/index.php\/wp-json\/wp\/v2\/media?parent=240"}],"curies":[{"name":"wp","href":"https:\/\/api.w.org\/{rel}","templated":true}]}}