{"id":226,"date":"2017-11-04T17:13:57","date_gmt":"2017-11-04T23:13:57","guid":{"rendered":"https:\/\/cunzac.usac.edu.gt\/?page_id=226"},"modified":"2020-06-29T17:03:58","modified_gmt":"2020-06-29T23:03:58","slug":"becas","status":"publish","type":"page","link":"https:\/\/cunzac.usac.edu.gt\/index.php\/becas\/","title":{"rendered":"BECAS"},"content":{"rendered":"[et_pb_section fb_built=\u00bb1&#8243; specialty=\u00bbon\u00bb _builder_version=\u00bb4.4.7&#8243;][et_pb_column type=\u00bb3_4&#8243; specialty_columns=\u00bb3&#8243; _builder_version=\u00bb3.25&#8243; custom_padding=\u00bb|||\u00bb custom_padding__hover=\u00bb|||\u00bb][et_pb_row_inner _builder_version=\u00bb4.4.7&#8243; use_background_color_gradient=\u00bbon\u00bb background_color_gradient_start=\u00bb#0c71c3&#8243; background_color_gradient_end=\u00bb#1a295e\u00bb background_color_gradient_direction=\u00bb46deg\u00bb background_color_gradient_end_position=\u00bb86%\u00bb background_image=\u00bbhttps:\/\/cunzac.usac.edu.gt\/wp-content\/uploads\/2020\/06\/coding-background-texture.jpg\u00bb background_blend=\u00bboverlay\u00bb][et_pb_column_inner saved_specialty_column_type=\u00bb3_4&#8243; _builder_version=\u00bb4.4.7&#8243;][et_pb_text _builder_version=\u00bb4.4.7&#8243; header_font=\u00bbNova Round|700|||||||\u00bb header_font_size=\u00bb51px\u00bb background_layout=\u00bbdark\u00bb custom_padding=\u00bb|||\u00bb header_font_size_last_edited=\u00bboff|desktop\u00bb locked=\u00bboff\u00bb]\n<h1 style=\"text-align: center;\">Becas<\/h1>\n[\/et_pb_text][\/et_pb_column_inner][\/et_pb_row_inner][et_pb_row_inner column_structure=\u00bb1_3,1_3,1_3&#8243; _builder_version=\u00bb4.4.7&#8243;][et_pb_column_inner type=\u00bb1_3&#8243; saved_specialty_column_type=\u00bb3_4&#8243; _builder_version=\u00bb4.4.7&#8243;][et_pb_button button_url=\u00bb#tiposdebeca\u00bb button_text=\u00bbTipos de Beca\u00bb button_alignment=\u00bbcenter\u00bb _builder_version=\u00bb4.4.7&#8243;][\/et_pb_button][\/et_pb_column_inner][et_pb_column_inner type=\u00bb1_3&#8243; saved_specialty_column_type=\u00bb3_4&#8243; _builder_version=\u00bb4.4.7&#8243;][et_pb_button button_url=\u00bb#monto\u00bb button_text=\u00bbMonto\u00bb button_alignment=\u00bbcenter\u00bb _builder_version=\u00bb4.4.7&#8243;][\/et_pb_button][\/et_pb_column_inner][et_pb_column_inner type=\u00bb1_3&#8243; saved_specialty_column_type=\u00bb3_4&#8243; _builder_version=\u00bb4.4.7&#8243;][et_pb_button button_url=\u00bb#requisitos\u00bb button_text=\u00bbRequisitos\u00bb button_alignment=\u00bbcenter\u00bb _builder_version=\u00bb4.4.7&#8243;][\/et_pb_button][\/et_pb_column_inner][\/et_pb_row_inner][et_pb_row_inner module_id=\u00bbtiposdebeca\u00bb _builder_version=\u00bb4.4.7&#8243;][et_pb_column_inner saved_specialty_column_type=\u00bb3_4&#8243; _builder_version=\u00bb4.4.7&#8243;][et_pb_text _builder_version=\u00bb4.4.7&#8243;]\n<h2 style=\"text-align: center;\">Tipos de Beca<\/h2>\n<h5>Beca para Tesis de Grado<\/h5>\n<p><span>Estudiantes que aplican a beca para la elaboraci\u00f3n de tesis de grado.<\/span><\/p>\n<h5>Beca para Ejercicio Profesional Supervisado<\/h5>\n<p><span>Estudiantes que aplican a beca para la realizaci\u00f3n de su Ejercicio Profesional Supervisado.<\/span><\/p>\n<h5><span><strong>Beca por Discapacidad<\/strong><\/span><\/h5>\n<p><span>Estudiantes que aplican a beca de discapacidad.<\/span><\/p>\n<h5><span><strong>Beca de Excelencia Acad\u00e9mica<\/strong><\/span><\/h5>\n<p><span>Estudiantes que apliquen a beca de Excelencia Acad\u00e9mica, con promedios de notas altos.<\/span><\/p>\n<h5><span><strong>Beca de Arte, Cultura y Deporte<\/strong><\/span><\/h5>\n<p><span>Para estudiantes con competencias destacables y demostrables en arte, cultura o deporte.<\/span><\/p>\n[\/et_pb_text][\/et_pb_column_inner][\/et_pb_row_inner][et_pb_row_inner module_id=\u00bbmonto\u00bb _builder_version=\u00bb4.4.7&#8243;][et_pb_column_inner saved_specialty_column_type=\u00bb3_4&#8243; _builder_version=\u00bb4.4.7&#8243;][et_pb_text _builder_version=\u00bb4.4.7&#8243;]\n<h2 style=\"text-align: center;\"><span>Monto<\/span><\/h2>\n<p style=\"text-align: justify;\"><span>Asignaci\u00f3n mensual de Q 900.00 no reembolsables, durante 10 meses del a\u00f1o lectivo, para estudiantes que residen en la capital, Sede de Centros Regionales y los municipios cercanos a \u00e9stos.<\/span><\/p>\n<p style=\"text-align: justify;\"><span>Asignaci\u00f3n mensual de Q 1,200.00 no reembolsables, durante 10 meses del a\u00f1o lectivo, para estudiantes provenientes de los departamentos y municipios lejanos de la sede de los Centros Regionales.<\/span><\/p>\n[\/et_pb_text][\/et_pb_column_inner][\/et_pb_row_inner][et_pb_row_inner module_id=\u00bbrequisitos\u00bb _builder_version=\u00bb4.4.7&#8243;][et_pb_column_inner saved_specialty_column_type=\u00bb3_4&#8243; _builder_version=\u00bb4.4.7&#8243;][et_pb_text _builder_version=\u00bb4.4.7&#8243;]\n<h2 style=\"text-align: center;\"><span>Requisitos<\/span><\/h2>\n<ul>\n<li><span>Ser guatemalteco de Origen.<\/span><\/li>\n<li><span>Edad l\u00edmite para solicitantes de beca 30 a\u00f1os.<\/span><\/li>\n<li><span>Presentar constancia de inscripci\u00f3n y\/o matricula consolidada de la Universidad de San Carlos de Guatemala.<\/span><\/li>\n<li><span>Presentar solicitud de beca.<\/span><\/li>\n<\/ul>\n[\/et_pb_text][\/et_pb_column_inner][\/et_pb_row_inner][\/et_pb_column][et_pb_column type=\u00bb1_4&#8243; _builder_version=\u00bb3.25&#8243; custom_padding=\u00bb|||\u00bb custom_padding__hover=\u00bb|||\u00bb][et_pb_sidebar orientation=\u00bbright\u00bb _builder_version=\u00bb4.4.7&#8243; header_font_size=\u00bb26px\u00bb body_font_size=\u00bb19px\u00bb][\/et_pb_sidebar][\/et_pb_column][\/et_pb_section]\n","protected":false},"excerpt":{"rendered":"<p>BecasTipos de Beca Beca para Tesis de Grado Estudiantes que aplican a beca para la elaboraci\u00f3n de tesis de grado. Beca para Ejercicio Profesional Supervisado Estudiantes que aplican a beca para la realizaci\u00f3n de su Ejercicio Profesional Supervisado. Beca por Discapacidad Estudiantes que aplican a beca de discapacidad. Beca de Excelencia Acad\u00e9mica Estudiantes que apliquen [&hellip;]<\/p>\n","protected":false},"author":1,"featured_media":0,"parent":0,"menu_order":0,"comment_status":"closed","ping_status":"closed","template":"","meta":{"_et_pb_use_builder":"on","_et_pb_old_content":"[vc_row][vc_column][vc_column_text]\r\n<p style=\"text-align: left;\">[\/vc_column_text][\/vc_column][\/vc_row][vc_row][vc_column][vc_tta_tabs color=\"blue\" active_section=\"1\"][vc_tta_section title=\"TIPOS DE BECA\" tab_id=\"1500493452648-0dc50346-0d6b\"][vc_column_text]<\/p>\r\n\r\n<div class=\"row\" style=\"text-align: left;\">\r\n<div class=\"wpb_column vc_column_container vc_col-sm-12\">\r\n<div class=\"vc_column-inner \">\r\n<div class=\"wpb_wrapper\">\r\n<div class=\"wpb_text_column wpb_content_element \">\r\n<div class=\"wpb_wrapper\"><section class=\" box\">\r\n<div class=\"container\">\r\n<div class=\"row\">\r\n<div class=\"wpb_column vc_column_container vc_col-sm-12\">\r\n<div class=\"vc_column-inner \">\r\n<div class=\"wpb_wrapper\">\r\n<div class=\"wpb_text_column wpb_content_element \">\r\n<div class=\"wpb_wrapper\">\r\n<h2><span style=\"color: #993300;\"><strong>Beca para Tesis de Grado<\/strong><\/span><\/h2>\r\n<h3><span style=\"color: #993300;\">Estudiantes que aplican a beca para la elaboraci\u00f3n de tesis de grado.<\/span><\/h3>\r\n<h2><span style=\"color: #993300;\"><strong>Beca para Ejercicio Profesional Supervisado<\/strong><\/span><\/h2>\r\n<h3><span style=\"color: #993300;\">Estudiantes que aplican a beca para la realizaci\u00f3n de su Ejercicio Profesional Supervisado.<\/span><\/h3>\r\n<h2><span style=\"color: #993300;\"><strong>Beca por Discapacidad<\/strong><\/span><\/h2>\r\n<h3><span style=\"color: #993300;\">Estudiantes que aplican a beca de discapacidad.<\/span><\/h3>\r\n<h2><span style=\"color: #993300;\"><strong>Beca de Excelencia Acad\u00e9mica<\/strong><\/span><\/h2>\r\n<h3><span style=\"color: #993300;\">Estudiantes que apliquen a beca de Excelencia Acad\u00e9mica, con promedios de notas altos.<\/span><\/h3>\r\n<h2><span style=\"color: #993300;\"><strong>Beca de Arte, Cultura y Deporte<\/strong><\/span><\/h2>\r\n<h3><span style=\"color: #993300;\">Para estudiantes con competencias destacables y demostrables en arte, cultura o deporte.<\/span><\/h3>\r\n<h3><\/h3>\r\n<h3><\/h3>\r\n<\/div>\r\n<\/div>\r\n<\/div>\r\n<\/div>\r\n<\/div>\r\n<\/div>\r\n<\/div>\r\n<\/section><\/div>\r\n<\/div>\r\n<\/div>\r\n<\/div>\r\n<\/div>\r\n<\/div>\r\n[\/vc_column_text][\/vc_tta_section][vc_tta_section title=\"MONTO\" tab_id=\"1500492856255-4baf3db2-267d\"][vc_column_text]\r\n<h3><span style=\"color: #993300;\">Asignaci\u00f3n mensual de Q 900.00 no reembolsables, durante 10 meses del a\u00f1o lectivo, para estudiantes que residen en la capital, Sede de Centros Regionales y los municipios cercanos a \u00e9stos.<\/span><\/h3>\r\n<h3><span style=\"color: #993300;\">Asignaci\u00f3n mensual de Q 1,200.00 no reembolsables, durante 10 meses del a\u00f1o lectivo, para estudiantes provenientes de los departamentos y municipios lejanos de la sede de los Centros Regionales.<\/span><\/h3>\r\n[\/vc_column_text][\/vc_tta_section][vc_tta_section title=\"REQUISITOS\" tab_id=\"1500492856257-f9922243-e7f5\"][vc_column_text]\r\n<h3><span style=\"color: #993300;\">Ser guatemalteco de Origen.<\/span><\/h3>\r\n<h3><span style=\"color: #993300;\">Edad l\u00edmite para solicitantes de beca 30 a\u00f1os.<\/span><\/h3>\r\n<h3><span style=\"color: #993300;\">Presentar constancia de inscripci\u00f3n y\/o matricula consolidada de la Universidad de San Carlos de Guatemala.<\/span><\/h3>\r\n<h3><span style=\"color: #993300;\">Presentar solicitud de b<span style=\"font-size: 16px;\">eca.<\/span><\/span><\/h3>\r\n[\/vc_column_text][vc_btn title=\"Clic aqu\u00ed para solicitud de Beca\" color=\"blue\" align=\"center\" i_icon_fontawesome=\"fa fa-link\" link=\"url:https%3A%2F%2Festudiante.usac.edu.gt%2Fbeca%2Ffaces%2Finicio.jsp%20|title:Solicitud%20de%20Beca|target:%20_blank|\" button_block=\"true\" add_icon=\"true\"][\/vc_tta_section][\/vc_tta_tabs][\/vc_column][\/vc_row][vc_row][vc_column][vc_column_text]\r\n\r\n[\/vc_column_text][\/vc_column][\/vc_row]","_et_gb_content_width":"","footnotes":""},"class_list":["post-226","page","type-page","status-publish","hentry"],"_links":{"self":[{"href":"https:\/\/cunzac.usac.edu.gt\/index.php\/wp-json\/wp\/v2\/pages\/226","targetHints":{"allow":["GET"]}}],"collection":[{"href":"https:\/\/cunzac.usac.edu.gt\/index.php\/wp-json\/wp\/v2\/pages"}],"about":[{"href":"https:\/\/cunzac.usac.edu.gt\/index.php\/wp-json\/wp\/v2\/types\/page"}],"author":[{"embeddable":true,"href":"https:\/\/cunzac.usac.edu.gt\/index.php\/wp-json\/wp\/v2\/users\/1"}],"replies":[{"embeddable":true,"href":"https:\/\/cunzac.usac.edu.gt\/index.php\/wp-json\/wp\/v2\/comments?post=226"}],"version-history":[{"count":29,"href":"https:\/\/cunzac.usac.edu.gt\/index.php\/wp-json\/wp\/v2\/pages\/226\/revisions"}],"predecessor-version":[{"id":1537,"href":"https:\/\/cunzac.usac.edu.gt\/index.php\/wp-json\/wp\/v2\/pages\/226\/revisions\/1537"}],"wp:attachment":[{"href":"https:\/\/cunzac.usac.edu.gt\/index.php\/wp-json\/wp\/v2\/media?parent=226"}],"curies":[{"name":"wp","href":"https:\/\/api.w.org\/{rel}","templated":true}]}}